{"id":2603,"date":"2022-10-27T13:34:23","date_gmt":"2022-10-27T11:34:23","guid":{"rendered":"https:\/\/kzup.web.amu.edu.pl\/?page_id=2603"},"modified":"2022-11-14T17:14:10","modified_gmt":"2022-11-14T16:14:10","slug":"slowo-jm-rektorki-uniwersytetu-im-adama-mickiewicza-w-poznaniu","status":"publish","type":"page","link":"https:\/\/wyparte-historie.amu.edu.pl\/?page_id=2603","title":{"rendered":"S\u0142owo JM Rektorki Uniwersytetu im. Adama Mickiewicza w Poznaniu"},"content":{"rendered":"<p>[vc_row parallax=&#8221;content-moving&#8221; parallax_image=&#8221;1372&#8243; parallax_speed_bg=&#8221;0.5&#8243; css_animation=&#8221;fadeIn&#8221; evenz_negative=&#8221;true&#8221; css=&#8221;.vc_custom_1607115178994{margin-right: 0px !important;margin-left: 0px !important;padding-right: 0px !important;padding-left: 0px !important;background-image: url(https:\/\/evenz.qantumthemes.xyz\/demo\/wp-content\/uploads\/2019\/04\/home01-contact-form.jpg?id=439) !important;background-position: center;background-repeat: no-repeat !important;background-size: cover !important;}&#8221;][vc_column evenz_section=&#8221;true&#8221;][vc_row_inner evenz_container=&#8221;true&#8221; evenz_negative=&#8221;true&#8221;][vc_column_inner width=&#8221;1\/4&#8243;][\/vc_column_inner][vc_column_inner width=&#8221;1\/2&#8243;][\/vc_column_inner][vc_column_inner width=&#8221;1\/4&#8243;][\/vc_column_inner][\/vc_row_inner][\/vc_column][\/vc_row][vc_row evenz_container=&#8221;1&#8243;][vc_column]\t\t\t<hr class=\"evenz-spacer-m\">\n\t\t\t\t<div>\n\t\t\t<h4  class=\"evenz-element-caption evenz-caption  evenz-caption__m  \" data-qtwaypoints-offset=\"30\" data-qtwaypoints>\t\t\t\t<span>S\u0142owo JM Rektorki Uniwersytetu im. Adama Mickiewicza w Poznaniu<\/span>\n\t\t\t\t<\/h4>\t\t<\/div>\n\t\t[\/vc_column][\/vc_row][vc_row evenz_container=&#8221;1&#8243;][vc_column]\t\t\t<hr class=\"evenz-spacer-m\">\n\t\t[vc_column_text]<\/p>\n<p class=\"western\"><strong>prof. Bogumi\u0142a Kaniewska<\/strong><\/p>\n<p class=\"western\"><i>Historia testis temporum, lux veritatis, vita memoriae, magistra vitae<\/i> &#8211; powiada\u0142 Cyceron, nak\u0142adaj\u0105c na badaczy minionego czasu wyj\u0105tkowo donios\u0142e obowi\u0105zki: \u015bwiadczenia, o\u015bwietlania prawdy, ocalania pami\u0119ci i wreszcie: uczenia \u017cycia. Lekcje przesz\u0142o\u015bci powinny chroni\u0107 nasz\u0105 wsp\u00f3\u0142czesno\u015b\u0107 przed powielaniem b\u0142\u0119d\u00f3w, zw\u0142aszcza tych najbardziej okrutnych i destrukcyjnych. By jednak tak si\u0119 sta\u0142o, trzeba przesz\u0142o\u015b\u0107 czyta\u0107 uczciwie i odpowiedzialnie, przystaj\u0105c tak\u017ce na trudn\u0105, niewygodn\u0105 wiedz\u0119 o czasie minionym. Takiej odpowiedzialnej i uczciwej lektury wymaga tak\u017ce historia Uniwersytetu Pozna\u0144skiego, w tej jej cz\u0119\u015bci, kt\u00f3ra dotyczy antysemityzmu na uczelni i postaw spo\u0142eczno\u015bci akademickiej wobec tego zjawiska.<\/p>\n<p class=\"western\">Mog\u0142oby si\u0119 wydawa\u0107, \u017ce \u015bwiat\u0142a spo\u0142eczno\u015b\u0107 uniwersytecka powinna by\u0107 wolna od wszelkich uprzedze\u0144, zw\u0142aszcza tych, kt\u00f3re bezpodstawnie krzywdz\u0105. A jednak dzia\u0142o si\u0119 inaczej. Trzeba o tym m\u00f3wi\u0107 nie tylko po to, by odczarowa\u0107 przesz\u0142o\u015b\u0107. Trzeba o tym m\u00f3wi\u0107 tak\u017ce i po to, by odnajdywa\u0107 \u015blady takich zachowa\u0144 we wsp\u00f3\u0142czesno\u015bci, by im przeciwdzia\u0142a\u0107. Okazuje si\u0119 bowiem, \u017ce niebezpieczny nacjonalizm mo\u017ce podst\u0119pnie wraca\u0107 w najbardziej nieoczekiwanych momentach: jak ca\u0142kiem niedawno, gdy na murach Uniwersytetu im. Adama Mickiewicza w Poznaniu pojawi\u0142o si\u0119 has\u0142o \u201eUAM dla Polak\u00f3w\u201d. Cho\u0107 kontekst by\u0142 zupe\u0142nie inny<a class=\"sdfootnoteanc\" href=\"#sdfootnote1sym\" name=\"sdfootnote1anc\"><sup>1<\/sup><\/a>, a protest dotyczy\u0142 kwestii rekrutacji na studia kandydat\u00f3w zza wschodniej granicy, jego istota niepokoj\u0105co zbli\u017ca\u0142a si\u0119 do ksenofobicznej retoryki dwudziestolecia mi\u0119dzywojennego. To przecie\u017c j\u0119zyk jest jednym z pierwszych \u017ar\u00f3de\u0142 kszta\u0142towania niepo\u017c\u0105danych, szkodliwych, a cz\u0119sto gro\u017anych postaw. \u015awiadoma manipulacja s\u0142owem czy nie\u015bwiadome poddawanie si\u0119 jej mocy i powielanie bywaj\u0105 niebezpieczn\u0105 broni\u0105.<\/p>\n<p class=\"western\">Spo\u0142eczno\u015b\u0107 akademicka mi\u0119dzywojennego Uniwersytetu Pozna\u0144skiego by\u0142a zr\u00f3\u017cnicowana etnicznie, religijnie i narodowo. Nie ma w\u0105tpliwo\u015bci, \u017ce ze wszystkich dzia\u0142aj\u0105cych w\u00f3wczas w Polsce szk\u00f3\u0142 wy\u017cszych to w\u0142a\u015bnie nasza uczelnia by\u0142a jedn\u0105 z najbardziej jednorodnych pod wzgl\u0119dem narodowo\u015bciowym i wyznaniowym. Nie zmienia to jednak faktu, \u017ce by\u0142a zr\u00f3\u017cnicowana. Chcieliby\u015bmy wierzy\u0107, \u017ce zar\u00f3wno studenci, jak i pracownicy uczelni mogli w niej w zgodzie uczy\u0107 si\u0119 i pracowa\u0107 &#8211; tak jednak nie by\u0142o. Chcieliby\u015bmy wierzy\u0107, \u017ce licznie dzia\u0142aj\u0105ce na \u00f3wczesnym Uniwersytecie organizacje studenckie by\u0142y otwarte dla wszystkich zainteresowanych student\u00f3w &#8211; tak jednak nie by\u0142o. Chcieliby\u015bmy wreszcie wierzy\u0107, \u017ce jedynymi kryteriami pozwalaj\u0105cymi uko\u0144czy\u0107 studia i zacz\u0105\u0107 prac\u0119 na naszym Uniwersytecie by\u0142y zdolno\u015bci i talenty do podejmowania naukowych wyzwa\u0144 &#8211; tak jednak nie by\u0142o. Tak nie by\u0142o, poniewa\u017c cz\u0119\u015b\u0107 student\u00f3w, cz\u0119\u015b\u0107 profesor\u00f3w, a najwa\u017cniejsze &#8211; Uniwersytet jako instytucja, odebrali im te mo\u017cliwo\u015bci z jednego powodu &#8211; bo byli \u017byd\u00f3wkami i \u017bydami. Zebrane w tej ksi\u0105\u017cce teksty nie pozostawiaj\u0105 najmniejszej w\u0105tpliwo\u015bci co do tego, \u017ce \u017cydowskie studentki i \u017cydowscy studenci byli w Uniwersytecie Pozna\u0144skim prze\u015bladowane i prze\u015bladowani, \u017ce pracy w Uniwersytecie nie otrzymali wybitni profesorowie, tylko dlatego, \u017ce byli \u017bydami lub mieli \u017cydowskie pochodzenie.<\/p>\n<p class=\"western\">Uniwersytet im. Adama Mickiewicza w Poznaniu jako spadkobierca Uniwersytetu Pozna\u0144skiego ma obowi\u0105zek przywracania \u201ewypartych historii\u201d o tragicznych wydarzeniach lat dwudziestych i trzydziestych zesz\u0142ego wieku, kt\u00f3re rozgrywa\u0142y si\u0119 w jego murach. Ten obowi\u0105zek wobec przesz\u0142o\u015bci spe\u0142niamy, publikuj\u0105c ksi\u0105\u017ck\u0119 ods\u0142aniaj\u0105c\u0105 mroczn\u0105 cz\u0119\u015b\u0107 historii naszej Uczelni. To tak\u017ce nasze zobowi\u0105zanie wobec przysz\u0142o\u015bci, by\u015bmy umieli rozpoznawa\u0107 zjawiska i zachowania, kt\u00f3re mog\u0105 sta\u0107 si\u0119 \u017ar\u00f3d\u0142em ludzkich i spo\u0142ecznych dramat\u00f3w. Pierwszy krok na tej drodze w\u0142a\u015bnie stawiamy, wkr\u00f3tce przyjdzie pora na nast\u0119pne &#8211; jak te, kt\u00f3re proponuje w swoim S\u0142owie rektor Andrzej Lesicki.<\/p>\n<p class=\"western\">Chc\u0119 na koniec serdecznie podzi\u0119kowa\u0107 wszystkim Autorkom i Autorom, Badaczkom i Badaczom, kt\u00f3rych wytrwa\u0142a i wnikliwa praca sprawi\u0142a, \u017ce <em>Wyparte historie. Antysemityzm na Uniwersytecie Pozna\u0144skim w latach 1919-1939<\/em> trafia w\u0142a\u015bnie do r\u0105k Czytelnik\u00f3w. Zapraszam do lektury i refleksji.<\/p>\n<div id=\"sdfootnote1\">\n<p class=\"sdfootnote-western\"><a class=\"sdfootnotesym\" href=\"#sdfootnote1anc\" name=\"sdfootnote1sym\">1<\/a> <span style=\"color: #0563c1;\"><u><a href=\"https:\/\/amu.edu.pl\/dla-mediow\/komunikaty-prasowe\/UAM-jest-i-bedzie-uniwersytetem-dla-wszystkich\">https:\/\/amu.edu.pl\/dla-mediow\/komunikaty-prasowe\/UAM-jest-i-bedzie-uniwersytetem-dla-wszystkich<\/a><\/u><\/span> ; <span style=\"color: #0563c1;\"><u><a href=\"https:\/\/edukacja.dziennik.pl\/aktualnosci\/artykuly\/8213326,uam-dla-polakow-mlodziez-wszechpolska.html\">https:\/\/edukacja.dziennik.pl\/aktualnosci\/artykuly\/8213326,uam-dla-polakow-mlodziez-wszechpolska.html<\/a><\/u><\/span> [dost\u0119p: marzec 2022].<\/p>\n<\/div>\n<p>[\/vc_column_text]\t\t\t<hr class=\"evenz-spacer-m\">\n\t\t[\/vc_column][\/vc_row]<\/p>\n","protected":false},"excerpt":{"rendered":"<p>[vc_row parallax=&#8221;content-moving&#8221; parallax_image=&#8221;1372&#8243; parallax_speed_bg=&#8221;0.5&#8243; css_animation=&#8221;fadeIn&#8221; evenz_negative=&#8221;true&#8221; css=&#8221;.vc_custom_1607115178994{margin-right: 0px !important;margin-left: 0px !important;padding-right: 0px !important;padding-left: 0px !important;background-image: url(https:\/\/evenz.qantumthemes.xyz\/demo\/wp-content\/uploads\/2019\/04\/home01-contact-form.jpg?id=439) !important;background-position: center;background-repeat: no-repeat !important;background-size: cover !important;}&#8221;][vc_column evenz_section=&#8221;true&#8221;][vc_row_inner evenz_container=&#8221;true&#8221; evenz_negative=&#8221;true&#8221;][vc_column_inner width=&#8221;1\/4&#8243;][\/vc_column_inner][vc_column_inner width=&#8221;1\/2&#8243;][\/vc_column_inner][vc_column_inner width=&#8221;1\/4&#8243;][\/vc_column_inner][\/vc_row_inner][\/vc_column][\/vc_row][vc_row evenz_container=&#8221;1&#8243;][vc_column][\/vc_column][\/vc_row][vc_row evenz_container=&#8221;1&#8243;][vc_column][vc_column_text] prof. Bogumi\u0142a Kaniewska Historia testis temporum, lux veritatis, vita memoriae, magistra vitae &#8211; powiada\u0142 Cyceron, nak\u0142adaj\u0105c na badaczy minionego czasu ...<\/p>\n","protected":false},"author":2,"featured_media":0,"parent":0,"menu_order":0,"comment_status":"closed","ping_status":"closed","template":"page-fullwidth.php","meta":[],"_links":{"self":[{"href":"https:\/\/wyparte-historie.amu.edu.pl\/index.php?rest_route=\/wp\/v2\/pages\/2603"}],"collection":[{"href":"https:\/\/wyparte-historie.amu.edu.pl\/index.php?rest_route=\/wp\/v2\/pages"}],"about":[{"href":"https:\/\/wyparte-historie.amu.edu.pl\/index.php?rest_route=\/wp\/v2\/types\/page"}],"author":[{"embeddable":true,"href":"https:\/\/wyparte-historie.amu.edu.pl\/index.php?rest_route=\/wp\/v2\/users\/2"}],"replies":[{"embeddable":true,"href":"https:\/\/wyparte-historie.amu.edu.pl\/index.php?rest_route=%2Fwp%2Fv2%2Fcomments&post=2603"}],"version-history":[{"count":7,"href":"https:\/\/wyparte-historie.amu.edu.pl\/index.php?rest_route=\/wp\/v2\/pages\/2603\/revisions"}],"predecessor-version":[{"id":3035,"href":"https:\/\/wyparte-historie.amu.edu.pl\/index.php?rest_route=\/wp\/v2\/pages\/2603\/revisions\/3035"}],"wp:attachment":[{"href":"https:\/\/wyparte-historie.amu.edu.pl\/index.php?rest_route=%2Fwp%2Fv2%2Fmedia&parent=2603"}],"curies":[{"name":"wp","href":"https:\/\/api.w.org\/{rel}","templated":true}]}}