{"id":2637,"date":"2022-10-28T14:22:33","date_gmt":"2022-10-28T12:22:33","guid":{"rendered":"https:\/\/kzup.web.amu.edu.pl\/?page_id=2637"},"modified":"2022-11-14T17:51:27","modified_gmt":"2022-11-14T16:51:27","slug":"uniwersytety-europy-srodkowej-w-cieniu-antysemityzmu-publikacja","status":"publish","type":"page","link":"https:\/\/wyparte-historie.amu.edu.pl\/?page_id=2637","title":{"rendered":"Uniwersytety Europy \u015arodkowej w cieniu antysemityzmu &#8211; publikacja"},"content":{"rendered":"<p>[vc_row parallax=&#8221;content-moving&#8221; parallax_image=&#8221;1372&#8243; parallax_speed_bg=&#8221;0.5&#8243; css_animation=&#8221;fadeIn&#8221; evenz_negative=&#8221;true&#8221; css=&#8221;.vc_custom_1607115178994{margin-right: 0px !important;margin-left: 0px !important;padding-right: 0px !important;padding-left: 0px !important;background-image: url(https:\/\/evenz.qantumthemes.xyz\/demo\/wp-content\/uploads\/2019\/04\/home01-contact-form.jpg?id=439) !important;background-position: center;background-repeat: no-repeat !important;background-size: cover !important;}&#8221;][vc_column evenz_section=&#8221;true&#8221;][vc_row_inner evenz_container=&#8221;true&#8221; evenz_negative=&#8221;true&#8221;][vc_column_inner width=&#8221;1\/4&#8243;][\/vc_column_inner][vc_column_inner width=&#8221;1\/4&#8243;][\/vc_column_inner][\/vc_row_inner][\/vc_column][\/vc_row][vc_row evenz_container=&#8221;1&#8243;][vc_column]\t\t\t<hr class=\"evenz-spacer-m\">\n\t\t\t\t<div>\n\t\t\t<h4  class=\"evenz-element-caption evenz-caption  evenz-caption__m  \" data-qtwaypoints-offset=\"30\" data-qtwaypoints>\t\t\t\t<span>Uniwersytety Europy \u015arodkowej w cieniu antysemityzmu<\/span>\n\t\t\t\t<\/h4>\t\t<\/div>\n\t\t[\/vc_column][\/vc_row][vc_row evenz_container=&#8221;1&#8243;][vc_column width=&#8221;2\/3&#8243;]\t\t\t<hr class=\"evenz-spacer-m\">\n\t\t[vc_column_text]<strong>Anna Wolff-Pow\u0119ska<\/strong><\/p>\n<p><span data-contrast=\"auto\">G\u0142\u00f3wnym problemem badawczym jest rekonstrukcja postawy akademik\u00f3w i student\u00f3w w krajach wy\u0142onionych po zako\u0144czeniu I wojny \u015bwiatowej w wyniku rozpadu imperi\u00f3w Habsburg\u00f3w i Hohenzollern\u00f3w, wobec student\u00f3w i wyk\u0142adowc\u00f3w pochodzenia \u017cydowskiego w okresie do wybuchu II wojny \u015bwiatowej. Dotyczy Czechos\u0142owacji, W\u0119gier, Rumunii i Austrii.<\/span><span data-ccp-props=\"{&quot;201341983&quot;:0,&quot;335551550&quot;:6,&quot;335551620&quot;:6,&quot;335559739&quot;:160,&quot;335559740&quot;:360}\">\u00a0<\/span><\/p>\n<p><span data-contrast=\"auto\">Celem tekstu jest analiza por\u00f3wnawcza sytuacji \u017byd\u00f3w na uczelniach wy\u017cej wymienionych pa\u0144stw, z uwzgl\u0119dnieniem g\u0142\u00f3wnych czynnik\u00f3w kszta\u0142tuj\u0105cych antysemick\u0105 postaw\u0119, a wi\u0119c klimatu ideowo-politycznego oraz uwarunkowa\u0144 historyczno-kulturowych w Europie \u015brodkowej oraz ich konsekwencji. Sproblematyzowane zosta\u0142y wi\u0119c m. in. takie zagadnienia, jak sytuacja demograficzna nowo wy\u0142onionych w wyniku I wojny pa\u0144stw, stosunki ludno\u015bciowe po zmianie granic, ich wp\u0142yw na sytuacj\u0119 \u017cydowskich student\u00f3w na uniwersytetach, charakter wyst\u0105pie\u0144 antysemickich, postawa w\u0142adz pa\u0144stwa i poszczeg\u00f3lnych uniwersytet\u00f3w, rola ugrupowa\u0144 nacjonalistycznych i faszystowskich w stosowaniu przemocy s\u0142ownej i fizycznej.<\/span><span data-ccp-props=\"{&quot;201341983&quot;:0,&quot;335551550&quot;:6,&quot;335551620&quot;:6,&quot;335559731&quot;:708,&quot;335559739&quot;:160,&quot;335559740&quot;:360}\">\u00a0<\/span><\/p>\n<p><span data-contrast=\"auto\">Wsz\u0119dzie na los \u017cydowskich student\u00f3w mia\u0142y wp\u0142yw podobne czynniki, jak m. in. fakt, i\u017c spo\u0142eczno\u015bci \u017cydowskie by\u0142y beneficjentami nowoczesno\u015bci, o\u015bwieceniowych idei i emancypacji. Sw\u0105 przedsi\u0119biorczo\u015bci\u0105, entuzjazmem dla nauki budzi\u0142y zazdro\u015b\u0107 otoczenia. Ich nowa pozycja, osi\u0105gni\u0119cia naukowe i gospodarcze kontrastowa\u0142y tym bardziej ze \u015bwiatem ub\u00f3stwa wielkomiejskiego. Szczeg\u00f3lnie w krajach katolickich, gdzie wed\u0142ug wszelkich wyobra\u017ce\u0144 \u015bwiat \u017cydowski, kt\u00f3ry dawno powinien by\u0107 skazany na nico\u015b\u0107, trwa\u0142 i rozwija\u0142 si\u0119, nie godzono si\u0119 z now\u0105 sytuacj\u0105.<\/span><span data-ccp-props=\"{&quot;201341983&quot;:0,&quot;335551550&quot;:6,&quot;335551620&quot;:6,&quot;335559731&quot;:708,&quot;335559739&quot;:160,&quot;335559740&quot;:360}\">\u00a0<\/span><\/p>\n<p><span data-contrast=\"auto\">Czynnikiem wspieraj\u0105cym wrogo\u015b\u0107 wobec mniejszo\u015bci etnicznych i religijnych na prze\u0142omie XIX i XX w. by\u0142y masowe emigracje \u017byd\u00f3w z obszar\u00f3w najwi\u0119kszej dyskryminacji. Kraje, kt\u00f3re jak W\u0119gry utraci\u0142y w wyniku ustale\u0144 w Trianon znaczn\u0105 cz\u0119\u015b\u0107 swego terytorium, d\u0105\u017cy\u0142y do odreagowania poczucia upokorzenia. Jako pierwsze wprowadzi\u0142y w \u017cycie <em>numerus clausus<\/em> dla \u017cydowskich student\u00f3w. Na eskalacj\u0119 wrogo\u015bci wobec student\u00f3w \u017cydowskich przemo\u017cny wp\u0142yw mia\u0142 rozw\u00f3j nacjonalistycznych i radykalno-prawicowych ruch\u00f3w oraz faszyzacji. Pa\u0144stwa, kt\u00f3re po wiekach odzyska\u0142y niepodleg\u0142o\u015b\u0107, z gorliwo\u015bci\u0105 neofity d\u0105\u017cy\u0142y do homogenizacji narodowej. Wsz\u0119dzie, poza Czechos\u0142owacj\u0105, m\u0142odzie\u017c akademicka stanowi\u0142a awangard\u0119 antysemickiej propagandy i przemocy.<\/span><span data-ccp-props=\"{&quot;201341983&quot;:0,&quot;335551550&quot;:6,&quot;335551620&quot;:6,&quot;335559731&quot;:708,&quot;335559739&quot;:160,&quot;335559740&quot;:360}\">\u00a0<\/span>[\/vc_column_text]\t\t\t<hr class=\"evenz-spacer-m\">\n\t\t[\/vc_column][vc_column width=&#8221;1\/3&#8243;]\t\t\t<hr class=\"evenz-spacer-m\">\n\t\t[vc_single_image image=&#8221;2023&#8243; img_size=&#8221;medium&#8221; style=&#8221;vc_box_shadow_3d&#8221; onclick=&#8221;link_image&#8221;][vc_single_image image=&#8221;2029&#8243; img_size=&#8221;medium&#8221; style=&#8221;vc_box_shadow_3d&#8221; onclick=&#8221;link_image&#8221;]\t\t\t<hr class=\"evenz-spacer-m\">\n\t\t[\/vc_column][\/vc_row]<\/p>\n","protected":false},"excerpt":{"rendered":"<p>[vc_row parallax=&#8221;content-moving&#8221; parallax_image=&#8221;1372&#8243; parallax_speed_bg=&#8221;0.5&#8243; css_animation=&#8221;fadeIn&#8221; evenz_negative=&#8221;true&#8221; css=&#8221;.vc_custom_1607115178994{margin-right: 0px !important;margin-left: 0px !important;padding-right: 0px !important;padding-left: 0px !important;background-image: url(https:\/\/evenz.qantumthemes.xyz\/demo\/wp-content\/uploads\/2019\/04\/home01-contact-form.jpg?id=439) !important;background-position: center;background-repeat: no-repeat !important;background-size: cover !important;}&#8221;][vc_column evenz_section=&#8221;true&#8221;][vc_row_inner evenz_container=&#8221;true&#8221; evenz_negative=&#8221;true&#8221;][vc_column_inner width=&#8221;1\/4&#8243;][\/vc_column_inner][vc_column_inner width=&#8221;1\/4&#8243;][\/vc_column_inner][\/vc_row_inner][\/vc_column][\/vc_row][vc_row evenz_container=&#8221;1&#8243;][vc_column][\/vc_column][\/vc_row][vc_row evenz_container=&#8221;1&#8243;][vc_column width=&#8221;2\/3&#8243;][vc_column_text]Anna Wolff-Pow\u0119ska G\u0142\u00f3wnym problemem badawczym jest rekonstrukcja postawy akademik\u00f3w i student\u00f3w w krajach wy\u0142onionych po zako\u0144czeniu I wojny \u015bwiatowej w wyniku ...<\/p>\n","protected":false},"author":2,"featured_media":0,"parent":0,"menu_order":0,"comment_status":"closed","ping_status":"closed","template":"page-fullwidth.php","meta":[],"_links":{"self":[{"href":"https:\/\/wyparte-historie.amu.edu.pl\/index.php?rest_route=\/wp\/v2\/pages\/2637"}],"collection":[{"href":"https:\/\/wyparte-historie.amu.edu.pl\/index.php?rest_route=\/wp\/v2\/pages"}],"about":[{"href":"https:\/\/wyparte-historie.amu.edu.pl\/index.php?rest_route=\/wp\/v2\/types\/page"}],"author":[{"embeddable":true,"href":"https:\/\/wyparte-historie.amu.edu.pl\/index.php?rest_route=\/wp\/v2\/users\/2"}],"replies":[{"embeddable":true,"href":"https:\/\/wyparte-historie.amu.edu.pl\/index.php?rest_route=%2Fwp%2Fv2%2Fcomments&post=2637"}],"version-history":[{"count":5,"href":"https:\/\/wyparte-historie.amu.edu.pl\/index.php?rest_route=\/wp\/v2\/pages\/2637\/revisions"}],"predecessor-version":[{"id":3053,"href":"https:\/\/wyparte-historie.amu.edu.pl\/index.php?rest_route=\/wp\/v2\/pages\/2637\/revisions\/3053"}],"wp:attachment":[{"href":"https:\/\/wyparte-historie.amu.edu.pl\/index.php?rest_route=%2Fwp%2Fv2%2Fmedia&parent=2637"}],"curies":[{"name":"wp","href":"https:\/\/api.w.org\/{rel}","templated":true}]}}