{"id":2646,"date":"2022-10-28T14:51:09","date_gmt":"2022-10-28T12:51:09","guid":{"rendered":"https:\/\/kzup.web.amu.edu.pl\/?page_id=2646"},"modified":"2022-11-14T17:53:08","modified_gmt":"2022-11-14T16:53:08","slug":"zbiorowy-portret-studentek-i-studentow-wyznania-mojzeszowego-na-uniwersytecie-poznanskim-w-okresie-dwudziestolecia-miedzywojennego","status":"publish","type":"page","link":"https:\/\/wyparte-historie.amu.edu.pl\/?page_id=2646","title":{"rendered":"Zbiorowy portret studentek i student\u00f3w wyznania moj\u017ceszowego na Uniwersytecie Pozna\u0144skim w okresie dwudziestolecia mi\u0119dzywojennego\u00a0"},"content":{"rendered":"<p>[vc_row parallax=&#8221;content-moving&#8221; parallax_image=&#8221;1372&#8243; parallax_speed_bg=&#8221;0.5&#8243; css_animation=&#8221;fadeIn&#8221; evenz_negative=&#8221;true&#8221; css=&#8221;.vc_custom_1607115178994{margin-right: 0px !important;margin-left: 0px !important;padding-right: 0px !important;padding-left: 0px !important;background-image: url(https:\/\/evenz.qantumthemes.xyz\/demo\/wp-content\/uploads\/2019\/04\/home01-contact-form.jpg?id=439) !important;background-position: center;background-repeat: no-repeat !important;background-size: cover !important;}&#8221;][vc_column evenz_section=&#8221;true&#8221;][vc_row_inner evenz_container=&#8221;true&#8221; evenz_negative=&#8221;true&#8221;][vc_column_inner width=&#8221;1\/4&#8243;][\/vc_column_inner][vc_column_inner width=&#8221;1\/4&#8243;][\/vc_column_inner][\/vc_row_inner][\/vc_column][\/vc_row][vc_row evenz_container=&#8221;1&#8243;][vc_column]\t\t\t<hr class=\"evenz-spacer-m\">\n\t\t\t\t<div>\n\t\t\t<h4  class=\"evenz-element-caption evenz-caption  evenz-caption__m  \" data-qtwaypoints-offset=\"30\" data-qtwaypoints>\t\t\t\t<span>Zbiorowy portret studentek i student\u00f3w wyznania moj\u017ceszowego na Uniwersytecie Pozna\u0144skim w okresie dwudziestolecia mi\u0119dzywojennego<\/span>\n\t\t\t\t<\/h4>\t\t<\/div>\n\t\t[\/vc_column][\/vc_row][vc_row evenz_container=&#8221;1&#8243;][vc_column width=&#8221;2\/3&#8243;]\t\t\t<hr class=\"evenz-spacer-m\">\n\t\t[vc_column_text]<strong>Oliwia Gromadzka, Magdalena Patrza\u0142ek-Gra\u015b, Celina Barszczewska, Agnieszka Zawisza\u00a0<\/strong><\/p>\n<p><span data-contrast=\"auto\">Tekst skupia si\u0119 na problematyce bada\u0144 archiwalnych w obszarze historii spo\u0142ecznej i mikrohistorii, obieraj\u0105c za przedmiot bada\u0144 grup\u0119 studentek i student\u00f3w pochodzenia \u017cydowskiego, kt\u00f3rzy w latach 1919-1939 zwi\u0105zani byli z Uniwersytetem Pozna\u0144skim. Jego celem jest nakre\u015blenie zbiorowego portretu grupy za pomoc\u0105 wyodr\u0119bnionych na podstawie \u017ar\u00f3de\u0142 historycznych kategorii spo\u0142ecznych, takich jak m.in. stosunek p\u0142ci, miejsce i data urodzenia, deklarowana przynale\u017cno\u015b\u0107 pa\u0144stwowa, narodowo\u015b\u0107 czy deklarowany j\u0119zyk ojczysty.<\/span><span data-ccp-props=\"{&quot;201341983&quot;:0,&quot;335551550&quot;:6,&quot;335551620&quot;:6,&quot;335559739&quot;:0,&quot;335559740&quot;:360}\">\u00a0<\/span><\/p>\n<p><span data-contrast=\"auto\">Artyku\u0142 powsta\u0142 w wyniku prowadzonej w latach 2019-2021 kwerendy, obejmuj\u0105cej zasoby archiwalne uczelni pozna\u0144skich, kt\u00f3re w toku reform lat powojennych zosta\u0142y wyodr\u0119bnione ze struktur Uniwersytetu Pozna\u0144skiego. Nale\u017ca\u0142y do nich archiwa <\/span><span data-contrast=\"none\">Uniwersytetu im. Adama Mickiewicza w Poznaniu, Uniwersytetu Medycznego im. Karola Marcinkowskiego w Poznaniu, Uniwersytetu Przyrodniczego w Poznaniu oraz Akademii Wychowania Fizycznego im.\u202fEugeniusza Piaseckiego w Poznaniu. Badania skupione by\u0142y na dokumentach personalnych studentek\/t\u00f3w zgromadzonych w ramach teczek studenckich z podzia\u0142em na istniej\u0105ce w okresie mi\u0119dzywojennym jednostki: Wydzia\u0142 Filozoficzny, od 1925 roku podzielony na Wydzia\u0142y Humanistyczny i Matematyczno-Przyrodniczy, Wydzia\u0142 Prawno-Ekonomiczny, Wydzia\u0142 Lekarski oraz Wydzia\u0142 Rolniczo-Le\u015bny, a tak\u017ce Oddzia\u0142 Farmaceutyczny i Studium Wychowania Fizycznego. Mo\u017cliwe do pozyskania w ich ramach dane pos\u0142u\u017cy\u0142y do stworzenia tabel statystycznych, b\u0119d\u0105cych nast\u0119pnie podstaw\u0105 do nakre\u015blenia prezentowanego w niniejszym artykule portretu spo\u0142ecznego grupy, jak\u0105 stanowi\u0142y\/li studentki\/ci pochodzenia \u017cydowskiego na UP.<\/span><span data-ccp-props=\"{&quot;201341983&quot;:0,&quot;335551550&quot;:6,&quot;335551620&quot;:6,&quot;335559731&quot;:708,&quot;335559739&quot;:0,&quot;335559740&quot;:360}\">\u00a0<\/span>[\/vc_column_text]\t\t\t<hr class=\"evenz-spacer-m\">\n\t\t[\/vc_column][vc_column width=&#8221;1\/3&#8243;]\t\t\t<hr class=\"evenz-spacer-m\">\n\t\t[vc_single_image image=&#8221;2929&#8243; img_size=&#8221;medium&#8221; style=&#8221;vc_box_shadow_3d&#8221;][\/vc_column][\/vc_row]<\/p>\n","protected":false},"excerpt":{"rendered":"<p>[vc_row parallax=&#8221;content-moving&#8221; parallax_image=&#8221;1372&#8243; parallax_speed_bg=&#8221;0.5&#8243; css_animation=&#8221;fadeIn&#8221; evenz_negative=&#8221;true&#8221; css=&#8221;.vc_custom_1607115178994{margin-right: 0px !important;margin-left: 0px !important;padding-right: 0px !important;padding-left: 0px !important;background-image: url(https:\/\/evenz.qantumthemes.xyz\/demo\/wp-content\/uploads\/2019\/04\/home01-contact-form.jpg?id=439) !important;background-position: center;background-repeat: no-repeat !important;background-size: cover !important;}&#8221;][vc_column evenz_section=&#8221;true&#8221;][vc_row_inner evenz_container=&#8221;true&#8221; evenz_negative=&#8221;true&#8221;][vc_column_inner width=&#8221;1\/4&#8243;][\/vc_column_inner][vc_column_inner width=&#8221;1\/4&#8243;][\/vc_column_inner][\/vc_row_inner][\/vc_column][\/vc_row][vc_row evenz_container=&#8221;1&#8243;][vc_column][\/vc_column][\/vc_row][vc_row evenz_container=&#8221;1&#8243;][vc_column width=&#8221;2\/3&#8243;][vc_column_text]Oliwia Gromadzka, Magdalena Patrza\u0142ek-Gra\u015b, Celina Barszczewska, Agnieszka Zawisza\u00a0 Tekst skupia si\u0119 na problematyce bada\u0144 archiwalnych w obszarze historii spo\u0142ecznej i mikrohistorii, ...<\/p>\n","protected":false},"author":2,"featured_media":0,"parent":0,"menu_order":0,"comment_status":"closed","ping_status":"closed","template":"page-fullwidth.php","meta":[],"_links":{"self":[{"href":"https:\/\/wyparte-historie.amu.edu.pl\/index.php?rest_route=\/wp\/v2\/pages\/2646"}],"collection":[{"href":"https:\/\/wyparte-historie.amu.edu.pl\/index.php?rest_route=\/wp\/v2\/pages"}],"about":[{"href":"https:\/\/wyparte-historie.amu.edu.pl\/index.php?rest_route=\/wp\/v2\/types\/page"}],"author":[{"embeddable":true,"href":"https:\/\/wyparte-historie.amu.edu.pl\/index.php?rest_route=\/wp\/v2\/users\/2"}],"replies":[{"embeddable":true,"href":"https:\/\/wyparte-historie.amu.edu.pl\/index.php?rest_route=%2Fwp%2Fv2%2Fcomments&post=2646"}],"version-history":[{"count":4,"href":"https:\/\/wyparte-historie.amu.edu.pl\/index.php?rest_route=\/wp\/v2\/pages\/2646\/revisions"}],"predecessor-version":[{"id":3004,"href":"https:\/\/wyparte-historie.amu.edu.pl\/index.php?rest_route=\/wp\/v2\/pages\/2646\/revisions\/3004"}],"wp:attachment":[{"href":"https:\/\/wyparte-historie.amu.edu.pl\/index.php?rest_route=%2Fwp%2Fv2%2Fmedia&parent=2646"}],"curies":[{"name":"wp","href":"https:\/\/api.w.org\/{rel}","templated":true}]}}