{"id":2666,"date":"2022-10-28T15:17:58","date_gmt":"2022-10-28T13:17:58","guid":{"rendered":"https:\/\/kzup.web.amu.edu.pl\/?page_id=2666"},"modified":"2022-11-14T17:52:01","modified_gmt":"2022-11-14T16:52:01","slug":"zydzi-i-antysemityzm-w-doswiadczeniu-i-tekstach-polskich-socjologow-miedzywojnia-publikacja","status":"publish","type":"page","link":"https:\/\/wyparte-historie.amu.edu.pl\/?page_id=2666","title":{"rendered":"\u017bydzi i antysemityzm w do\u015bwiadczeniu i tekstach polskich socjolog\u00f3w mi\u0119dzywojnia &#8211; publikacja"},"content":{"rendered":"<p>[vc_row parallax=&#8221;content-moving&#8221; parallax_image=&#8221;1372&#8243; parallax_speed_bg=&#8221;0.5&#8243; css_animation=&#8221;fadeIn&#8221; evenz_negative=&#8221;true&#8221; css=&#8221;.vc_custom_1607115178994{margin-right: 0px !important;margin-left: 0px !important;padding-right: 0px !important;padding-left: 0px !important;background-image: url(https:\/\/evenz.qantumthemes.xyz\/demo\/wp-content\/uploads\/2019\/04\/home01-contact-form.jpg?id=439) !important;background-position: center;background-repeat: no-repeat !important;background-size: cover !important;}&#8221;][vc_column evenz_section=&#8221;true&#8221;][vc_row_inner evenz_container=&#8221;true&#8221; evenz_negative=&#8221;true&#8221;][vc_column_inner width=&#8221;1\/4&#8243;][\/vc_column_inner][vc_column_inner width=&#8221;1\/4&#8243;][\/vc_column_inner][\/vc_row_inner][\/vc_column][\/vc_row][vc_row evenz_container=&#8221;1&#8243;][vc_column]\t\t\t<hr class=\"evenz-spacer-m\">\n\t\t\t\t<div>\n\t\t\t<h4  class=\"evenz-element-caption evenz-caption  evenz-caption__m  \" data-qtwaypoints-offset=\"30\" data-qtwaypoints>\t\t\t\t<span>\u017bydzi i antysemityzm w do\u015bwiadczeniu i tekstach polskich socjolog\u00f3w mi\u0119dzywojnia<\/span>\n\t\t\t\t<\/h4>\t\t<\/div>\n\t\t[\/vc_column][\/vc_row][vc_row evenz_container=&#8221;1&#8243;][vc_column width=&#8221;2\/3&#8243;]\t\t\t<hr class=\"evenz-spacer-m\">\n\t\t[vc_column_text]<strong>Krzysztof Podemski<\/strong><\/p>\n<p><span data-contrast=\"auto\">Artyku\u0142 jest pr\u00f3b\u0105 rekonstrukcji socjologicznego dyskursu w Polsce 1918-1939, dotycz\u0105cego relacji polsko-\u017cydowskich. Celem tekstu jest pokazanie socjologicznych interpretacji konfliktu politycznego na polskich uniwersytetach, relacji polsko-\u017cydowskich oraz antysemityzmu \u201eoczami\u201d socjolog\u00f3w epoki, kt\u00f3rej dotyczy publikacja. Podstawowym \u017ar\u00f3d\u0142em s\u0105 teksty polskich i \u017cydowskich socjolog\u00f3w publikowane w Polsce w okresie 1918-1939<\/span><span data-ccp-props=\"{&quot;201341983&quot;:0,&quot;335551550&quot;:6,&quot;335551620&quot;:6,&quot;335559739&quot;:160,&quot;335559740&quot;:360}\">\u00a0<\/span><\/p>\n<p><span data-contrast=\"auto\">Socjologowie czynni naukowo w dwudziestoleciu mi\u0119dzywojennym, mimo ideowych i pokoleniowych r\u00f3\u017cnic, byli zdecydowanie krytyczni wobec doktryn i teorii rasistowskich. Je\u017celi pos\u0142ugiwali si\u0119 poj\u0119ciem \u201erasa\u201d, jak czynili to we wczesnych fazach naukowego rozwoju Krzywicki i Znaniecki, to jedynie w znaczeniu kulturowym, a nie biologicznym. O ile jeszcze we wczesnej tw\u00f3rczo\u015bci Znanieckiego mo\u017cna znale\u017a\u0107 teksty, kt\u00f3re zw\u0142aszcza z dzisiejszej perspektywy mo\u017cna interpretowa\u0107 jako antysemickie, to trudno taki wyd\u017awi\u0119k zarzuci\u0107 p\u00f3\u017aniejszym tekstom zar\u00f3wno samego Znanieckiego, jak i wypowiedziom innych czo\u0142owych polskich socjolog\u00f3w. Uczeni ci w swoich analizach naukowych, jak i w publicystyce czy wyst\u0105pieniach publicznych sprzeciwiali si\u0119 ksenofobii, nacjonalizmowi i przemocy, cho\u0107 jednocze\u015bnie pr\u00f3bowali zrozumie\u0107 ich spo\u0142eczne korzenie. Jedni, zw\u0142aszcza <span style=\"font-weight: 400;\">Stefan<\/span> Czarnowski, <span style=\"font-weight: 400;\">Aleksander<\/span> Hertz, <span style=\"font-weight: 400;\">Ludwik<\/span> Krzywicki, <span style=\"font-weight: 400;\">Stanis\u0142aw<\/span> Ossowski poszukiwali wyja\u015bnienia antysemityzmu, w tym agresji na uczelniach, w nier\u00f3wno\u015bciach klasowych i uwarunkowaniach ekonomicznych. Inni, <span style=\"font-weight: 400;\">Jan St.<\/span> Bystro\u0144, tak\u017ce <span style=\"font-weight: 400;\">Stefan<\/span> Czarnowski, <span style=\"font-weight: 400;\">Florian<\/span> Znaniecki szukali odpowiedzi na pytanie o fenomen polskiego antysemityzmu w specyfice historycznej i kulturowej Polak\u00f3w, w tym w roli katolicyzmu w to\u017csamo\u015bci polskiego ch\u0142opa i szlachcica. A. Hertz i F. Znaniecki zwracali tak\u017ce uwag\u0119 na specyfik\u0119 historyczn\u0105 i kulturow\u0105 \u017byd\u00f3w, zw\u0142aszcza na \u017cycie w diasporze i kastowo\u015b\u0107, odcinaj\u0105c\u0105 wyznawc\u00f3w judaizmu od innych mieszka\u0144c\u00f3w Polski. J.S. Bystro\u0144, A. Hertz i F. Znaniecki zwracali tak\u017ce uwag\u0119 na uniwersalne zjawisko megalomanii narodowej i przeciwstawienia \u201eswoich\u201d i \u201eobcych\u201d oraz na warunki historyczne, w kt\u00f3rych ro\u015bnie ekspansja ideologii rasistowskiej. Wreszcie, polscy socjologowie potrafili indywidualnie, jak <span style=\"font-weight: 400;\">Stefan<\/span> Czarnowski, <span style=\"font-weight: 400;\">Ludwik<\/span> Krzywicki i Leon Petra\u017cycki oraz zbiorowo, jak <span style=\"font-weight: 400;\">Jan St.<\/span> Bystro\u0144, <span style=\"font-weight: 400;\">Stefan<\/span> Czarnowski, J\u00f3zef Cha\u0142asi\u0144ski, <span style=\"font-weight: 400;\">Ludwik <\/span>Krzywicki, Maria i Stanis\u0142aw Ossowscy oraz <span style=\"font-weight: 400;\">Florian<\/span> Znaniecki publicznie protestowa\u0107 przeciwko antysemityzmowi na polskich uczelniach. W drugiej po\u0142owie lat trzydziestych. Nie byli oczywi\u015bcie jedynymi intelektualistami czy uczonymi, kt\u00f3rzy wyra\u017cali sw\u00f3j sprzeciw wobec przemocy na uczelniach, ale obecno\u015b\u0107 tak znacznej cz\u0119\u015bci tych nielicznych adept\u00f3w m\u0142odej dziedziny wiedzy, jak\u0105 by\u0142a wtedy socjologia, warta jest odnotowania.<\/span><span data-ccp-props=\"{&quot;201341983&quot;:0,&quot;335551550&quot;:6,&quot;335551620&quot;:6,&quot;335559731&quot;:708,&quot;335559739&quot;:160,&quot;335559740&quot;:360}\">\u00a0<\/span>[\/vc_column_text]\t\t\t<hr class=\"evenz-spacer-m\">\n\t\t[\/vc_column][vc_column width=&#8221;1\/3&#8243;]\t\t\t<hr class=\"evenz-spacer-m\">\n\t\t[vc_single_image image=&#8221;2006&#8243; img_size=&#8221;medium&#8221; style=&#8221;vc_box_shadow_3d&#8221; onclick=&#8221;link_image&#8221;][\/vc_column][\/vc_row]<\/p>\n","protected":false},"excerpt":{"rendered":"<p>[vc_row parallax=&#8221;content-moving&#8221; parallax_image=&#8221;1372&#8243; parallax_speed_bg=&#8221;0.5&#8243; css_animation=&#8221;fadeIn&#8221; evenz_negative=&#8221;true&#8221; css=&#8221;.vc_custom_1607115178994{margin-right: 0px !important;margin-left: 0px !important;padding-right: 0px !important;padding-left: 0px !important;background-image: url(https:\/\/evenz.qantumthemes.xyz\/demo\/wp-content\/uploads\/2019\/04\/home01-contact-form.jpg?id=439) !important;background-position: center;background-repeat: no-repeat !important;background-size: cover !important;}&#8221;][vc_column evenz_section=&#8221;true&#8221;][vc_row_inner evenz_container=&#8221;true&#8221; evenz_negative=&#8221;true&#8221;][vc_column_inner width=&#8221;1\/4&#8243;][\/vc_column_inner][vc_column_inner width=&#8221;1\/4&#8243;][\/vc_column_inner][\/vc_row_inner][\/vc_column][\/vc_row][vc_row evenz_container=&#8221;1&#8243;][vc_column][\/vc_column][\/vc_row][vc_row evenz_container=&#8221;1&#8243;][vc_column width=&#8221;2\/3&#8243;][vc_column_text]Krzysztof Podemski Artyku\u0142 jest pr\u00f3b\u0105 rekonstrukcji socjologicznego dyskursu w Polsce 1918-1939, dotycz\u0105cego relacji polsko-\u017cydowskich. Celem tekstu jest pokazanie socjologicznych interpretacji konfliktu ...<\/p>\n","protected":false},"author":2,"featured_media":0,"parent":0,"menu_order":0,"comment_status":"closed","ping_status":"closed","template":"page-fullwidth.php","meta":[],"_links":{"self":[{"href":"https:\/\/wyparte-historie.amu.edu.pl\/index.php?rest_route=\/wp\/v2\/pages\/2666"}],"collection":[{"href":"https:\/\/wyparte-historie.amu.edu.pl\/index.php?rest_route=\/wp\/v2\/pages"}],"about":[{"href":"https:\/\/wyparte-historie.amu.edu.pl\/index.php?rest_route=\/wp\/v2\/types\/page"}],"author":[{"embeddable":true,"href":"https:\/\/wyparte-historie.amu.edu.pl\/index.php?rest_route=\/wp\/v2\/users\/2"}],"replies":[{"embeddable":true,"href":"https:\/\/wyparte-historie.amu.edu.pl\/index.php?rest_route=%2Fwp%2Fv2%2Fcomments&post=2666"}],"version-history":[{"count":3,"href":"https:\/\/wyparte-historie.amu.edu.pl\/index.php?rest_route=\/wp\/v2\/pages\/2666\/revisions"}],"predecessor-version":[{"id":3054,"href":"https:\/\/wyparte-historie.amu.edu.pl\/index.php?rest_route=\/wp\/v2\/pages\/2666\/revisions\/3054"}],"wp:attachment":[{"href":"https:\/\/wyparte-historie.amu.edu.pl\/index.php?rest_route=%2Fwp%2Fv2%2Fmedia&parent=2666"}],"curies":[{"name":"wp","href":"https:\/\/api.w.org\/{rel}","templated":true}]}}