{"id":2670,"date":"2022-10-28T15:22:32","date_gmt":"2022-10-28T13:22:32","guid":{"rendered":"https:\/\/kzup.web.amu.edu.pl\/?page_id=2670"},"modified":"2022-11-14T17:53:36","modified_gmt":"2022-11-14T16:53:36","slug":"zydowscy-studenci-uniwersytetu-poznanskiego-w-latach-1919-1939-w-swietle-archiwaliow-analiza-zrodloznawcza-publikacja","status":"publish","type":"page","link":"https:\/\/wyparte-historie.amu.edu.pl\/?page_id=2670","title":{"rendered":"\u017bydowscy studenci Uniwersytetu Pozna\u0144skiego w latach 1919-1939 w \u015bwietle archiwali\u00f3w \u2013 analiza \u017ar\u00f3d\u0142oznawcza\u00a0&#8211; publikacja"},"content":{"rendered":"<p>[vc_row parallax=&#8221;content-moving&#8221; parallax_image=&#8221;1372&#8243; parallax_speed_bg=&#8221;0.5&#8243; css_animation=&#8221;fadeIn&#8221; evenz_negative=&#8221;true&#8221; css=&#8221;.vc_custom_1607115178994{margin-right: 0px !important;margin-left: 0px !important;padding-right: 0px !important;padding-left: 0px !important;background-image: url(https:\/\/evenz.qantumthemes.xyz\/demo\/wp-content\/uploads\/2019\/04\/home01-contact-form.jpg?id=439) !important;background-position: center;background-repeat: no-repeat !important;background-size: cover !important;}&#8221;][vc_column evenz_section=&#8221;true&#8221;][vc_row_inner evenz_container=&#8221;true&#8221; evenz_negative=&#8221;true&#8221;][vc_column_inner width=&#8221;1\/4&#8243;][\/vc_column_inner][vc_column_inner width=&#8221;1\/4&#8243;][\/vc_column_inner][\/vc_row_inner][\/vc_column][\/vc_row][vc_row evenz_container=&#8221;1&#8243;][vc_column]\t\t\t<hr class=\"evenz-spacer-m\">\n\t\t\t\t<div>\n\t\t\t<h4  class=\"evenz-element-caption evenz-caption  evenz-caption__m  \" data-qtwaypoints-offset=\"30\" data-qtwaypoints>\t\t\t\t<span>\u017bydowscy studenci Uniwersytetu Pozna\u0144skiego w latach 1919-1939 w \u015bwietle archiwali\u00f3w. Analiza \u017ar\u00f3d\u0142oznawcza<\/span>\n\t\t\t\t<\/h4>\t\t<\/div>\n\t\t[\/vc_column][\/vc_row][vc_row evenz_container=&#8221;1&#8243;][vc_column width=&#8221;2\/3&#8243;]\t\t\t<hr class=\"evenz-spacer-m\">\n\t\t[vc_column_text]<strong>Celina Barszczewska, Agnieszka Zawisza, Oliwia Gromadzka, Magdalena Patrza\u0142ek-Gra\u015b\u00a0<\/strong><\/p>\n<p><span data-contrast=\"none\">Tekst porusza problematyk\u0119 bada\u0144 archiwalnych nad studentami pochodzenia \u017cydowskiego, studiuj\u0105cych na Uniwersytecie Pozna\u0144skim w latach 1919-1939. Jego celem jest przedstawienie organizacji wewn\u0119trznej zachowanych materia\u0142\u00f3w archiwalnych (teczek osobowych student\u00f3w i studentek) oraz ich analiza zewn\u0119trzna. Artyku\u0142 jest wynikiem kwerendy, przeprowadzonej przez autorki mi\u0119dzy pa\u017adziernikiem 2019 roku a wrze\u015bniem 2021 roku w archiwach Uniwersytetu im. Adama Mickiewicza w Poznaniu, Uniwersytetu Medycznego im. Karola Marcinkowskiego w Poznaniu, Uniwersytetu Przyrodniczego w Poznaniu oraz Akademii Wychowania Fizycznego im.\u202fEugeniusza Piaseckiego w Poznaniu. W wy\u017cej wymienionych archiwach zgromadzone s\u0105 dokumenty z\u202fprzedwojennych wydzia\u0142\u00f3w: Filozoficznego, a po 1925 Humanistycznego i Matematyczno-Przyrodniczego, Prawno-Ekonomicznego, Lekarskiego, Rolniczo-Le\u015bnego, Oddzia\u0142u Farmaceutycznego oraz Studium Wychowania Fizycznego, kt\u00f3re znalaz\u0142y si\u0119 w odr\u0119bnych jednostkach w wyniku powojennych zmian w strukturze pozna\u0144skiej uczelni. W tre\u015bci artyku\u0142u znajduj\u0105 si\u0119 informacje o sposobie przechowywania i specyfice materia\u0142\u00f3w archiwalnych oraz opis \u017ar\u00f3de\u0142 znajduj\u0105cych si\u0119 w przebadanych teczkach studenckich. Om\u00f3wionymi materia\u0142ami \u017ar\u00f3d\u0142owymi s\u0105: karty wpisowe, formularze poda\u0144, \u015bwiadectwa dojrza\u0142o\u015bci, karty przyj\u0119cia, ksi\u0105\u017ceczki legitymacyjne, dyplomy magisterskie oraz ich odpisy, \u017cyciorysy, za\u015bwiadczenia o\u202fbraku zobowi\u0105za\u0144, metryki urodzenia i chrztu, rota \u015blubowania, \u015bwiadectwa odej\u015bcia, karty osi\u0105gni\u0119\u0107 i kwestionariusze osobowe. Wytwarzane w toku nauki dokumenty s\u0105 warto\u015bciowym \u017ar\u00f3d\u0142em wiedzy na temat historii Uniwersytetu Pozna\u0144skiego, los\u00f3w jego studentek i student\u00f3w oraz ich zaplecza spo\u0142ecznego. Przebadane materia\u0142y archiwalne pos\u0142u\u017cy\u0142y do sporz\u0105dzenia statystycznego portretu student\u00f3w i studentek wyznania moj\u017ceszowego, znajduj\u0105cego si\u0119 w\u202fartykule <\/span><i><span data-contrast=\"none\">Zbiorowy portret \u017cydowskich studentek i student\u00f3w Uniwersytetu Pozna\u0144skiego na\u202fpodstawie analizy zasobu archiwalnego<\/span><\/i><span data-contrast=\"none\"> w niniejszym tomie.<\/span><span data-ccp-props=\"{&quot;201341983&quot;:0,&quot;335551550&quot;:6,&quot;335551620&quot;:6,&quot;335559738&quot;:240,&quot;335559739&quot;:360,&quot;335559740&quot;:360}\">\u00a0<\/span>[\/vc_column_text]\t\t\t<hr class=\"evenz-spacer-m\">\n\t\t[\/vc_column][vc_column width=&#8221;1\/3&#8243;]\t\t\t<hr class=\"evenz-spacer-m\">\n\t\t[vc_single_image image=&#8221;2930&#8243; img_size=&#8221;medium&#8221; style=&#8221;vc_box_shadow_3d&#8221;][\/vc_column][\/vc_row]<\/p>\n","protected":false},"excerpt":{"rendered":"<p>[vc_row parallax=&#8221;content-moving&#8221; parallax_image=&#8221;1372&#8243; parallax_speed_bg=&#8221;0.5&#8243; css_animation=&#8221;fadeIn&#8221; evenz_negative=&#8221;true&#8221; css=&#8221;.vc_custom_1607115178994{margin-right: 0px !important;margin-left: 0px !important;padding-right: 0px !important;padding-left: 0px !important;background-image: url(https:\/\/evenz.qantumthemes.xyz\/demo\/wp-content\/uploads\/2019\/04\/home01-contact-form.jpg?id=439) !important;background-position: center;background-repeat: no-repeat !important;background-size: cover !important;}&#8221;][vc_column evenz_section=&#8221;true&#8221;][vc_row_inner evenz_container=&#8221;true&#8221; evenz_negative=&#8221;true&#8221;][vc_column_inner width=&#8221;1\/4&#8243;][\/vc_column_inner][vc_column_inner width=&#8221;1\/4&#8243;][\/vc_column_inner][\/vc_row_inner][\/vc_column][\/vc_row][vc_row evenz_container=&#8221;1&#8243;][vc_column][\/vc_column][\/vc_row][vc_row evenz_container=&#8221;1&#8243;][vc_column width=&#8221;2\/3&#8243;][vc_column_text]Celina Barszczewska, Agnieszka Zawisza, Oliwia Gromadzka, Magdalena Patrza\u0142ek-Gra\u015b\u00a0 Tekst porusza problematyk\u0119 bada\u0144 archiwalnych nad studentami pochodzenia \u017cydowskiego, studiuj\u0105cych na Uniwersytecie Pozna\u0144skim ...<\/p>\n","protected":false},"author":2,"featured_media":0,"parent":0,"menu_order":0,"comment_status":"closed","ping_status":"closed","template":"page-fullwidth.php","meta":[],"_links":{"self":[{"href":"https:\/\/wyparte-historie.amu.edu.pl\/index.php?rest_route=\/wp\/v2\/pages\/2670"}],"collection":[{"href":"https:\/\/wyparte-historie.amu.edu.pl\/index.php?rest_route=\/wp\/v2\/pages"}],"about":[{"href":"https:\/\/wyparte-historie.amu.edu.pl\/index.php?rest_route=\/wp\/v2\/types\/page"}],"author":[{"embeddable":true,"href":"https:\/\/wyparte-historie.amu.edu.pl\/index.php?rest_route=\/wp\/v2\/users\/2"}],"replies":[{"embeddable":true,"href":"https:\/\/wyparte-historie.amu.edu.pl\/index.php?rest_route=%2Fwp%2Fv2%2Fcomments&post=2670"}],"version-history":[{"count":6,"href":"https:\/\/wyparte-historie.amu.edu.pl\/index.php?rest_route=\/wp\/v2\/pages\/2670\/revisions"}],"predecessor-version":[{"id":3055,"href":"https:\/\/wyparte-historie.amu.edu.pl\/index.php?rest_route=\/wp\/v2\/pages\/2670\/revisions\/3055"}],"wp:attachment":[{"href":"https:\/\/wyparte-historie.amu.edu.pl\/index.php?rest_route=%2Fwp%2Fv2%2Fmedia&parent=2670"}],"curies":[{"name":"wp","href":"https:\/\/api.w.org\/{rel}","templated":true}]}}